{"id":160,"date":"2022-07-10T14:06:29","date_gmt":"2022-07-10T12:06:29","guid":{"rendered":"http:\/\/fontenelle.fr\/?page_id=160"},"modified":"2022-07-10T17:22:35","modified_gmt":"2022-07-10T15:22:35","slug":"transport-scolaire","status":"publish","type":"page","link":"https:\/\/fontenelle.fr\/?page_id=160","title":{"rendered":"Transport scolaire"},"content":{"rendered":"<h6><strong>Reprise du transport scolaire des \u00e9l\u00e8ves de Primaire et Maternelle par Fontenelle.<\/strong><\/h6>\n<p>&nbsp;<\/p>\n<h6>La commune de Petit-Croix indique qu&rsquo;elle cessera la gestion du transport scolaire pour les \u00e9l\u00e8ves de Primaire et Maternelle se rendant \u00e0 l&rsquo;\u00e9cole de Montreux-Chateau, apr\u00e8s 26 ans de gestion.<\/h6>\n<h6>Aucune autre commune ne s&rsquo;\u00e9tant propos\u00e9s pour la reprise de ce service indispensable \u00e0 nos administr\u00e9s, et apr\u00e8s d\u00e9lib\u00e9ration du 20 Mai 2022, la commune de Fontenelle \u00e0 voter la reprise de ce service pour la rentr\u00e9e 2022-2023.<\/h6>\n<p>&nbsp;<\/p>\n<h6>Pour toutes demande de souscription, merci de bien vouloir remplir le formulaire ci-dessous, puis de l&rsquo;envoyer par mail \u00e0 : <a href=\"mailto:Mairie@fontenelle.fr\">Mairie@fontenelle.fr<\/a><\/h6>\n<h6>En cas d&rsquo;urgence, nous serons amen\u00e9s \u00e0 communiquer via le site, \u00e0 la rubrique \u00ab\u00a0Actus &amp; Infos du transport scolaire\u00a0\u00bb<\/h6>\n<p>&nbsp;<\/p>\n<p><img loading=\"lazy\" decoding=\"async\" class=\"alignnone size-full wp-image-312\" src=\"http:\/\/fontenelle.fr\/wp-content\/uploads\/2022\/07\/Capture-decran-2022-07-10-171738.jpg\" alt=\"\" width=\"730\" height=\"213\" srcset=\"https:\/\/fontenelle.fr\/wp-content\/uploads\/2022\/07\/Capture-decran-2022-07-10-171738.jpg 730w, https:\/\/fontenelle.fr\/wp-content\/uploads\/2022\/07\/Capture-decran-2022-07-10-171738-300x88.jpg 300w\" sizes=\"auto, (max-width: 730px) 100vw, 730px\" \/><\/p>\n<h6>Les services sont en cours de cr\u00e9ation, nous vous informerons d\u00e8s que possible. Merci pour votre compr\u00e9hension.<\/h6>\n<p>&nbsp;<\/p>\n","protected":false},"excerpt":{"rendered":"<p>Reprise du transport scolaire des \u00e9l\u00e8ves de Primaire et Maternelle par Fontenelle. &nbsp; La commune de Petit-Croix indique qu&rsquo;elle cessera la gestion du transport scolaire pour les \u00e9l\u00e8ves de Primaire et Maternelle se rendant \u00e0 l&rsquo;\u00e9cole de Montreux-Chateau, apr\u00e8s 26 ans de gestion. Aucune autre commune ne s&rsquo;\u00e9tant propos\u00e9s pour la reprise de ce service [&hellip;]<\/p>\n","protected":false},"author":2,"featured_media":0,"parent":0,"menu_order":0,"comment_status":"closed","ping_status":"closed","template":"","meta":{"footnotes":""},"class_list":["post-160","page","type-page","status-publish","hentry"],"_links":{"self":[{"href":"https:\/\/fontenelle.fr\/index.php?rest_route=\/wp\/v2\/pages\/160","targetHints":{"allow":["GET"]}}],"collection":[{"href":"https:\/\/fontenelle.fr\/index.php?rest_route=\/wp\/v2\/pages"}],"about":[{"href":"https:\/\/fontenelle.fr\/index.php?rest_route=\/wp\/v2\/types\/page"}],"author":[{"embeddable":true,"href":"https:\/\/fontenelle.fr\/index.php?rest_route=\/wp\/v2\/users\/2"}],"replies":[{"embeddable":true,"href":"https:\/\/fontenelle.fr\/index.php?rest_route=%2Fwp%2Fv2%2Fcomments&post=160"}],"version-history":[{"count":4,"href":"https:\/\/fontenelle.fr\/index.php?rest_route=\/wp\/v2\/pages\/160\/revisions"}],"predecessor-version":[{"id":314,"href":"https:\/\/fontenelle.fr\/index.php?rest_route=\/wp\/v2\/pages\/160\/revisions\/314"}],"wp:attachment":[{"href":"https:\/\/fontenelle.fr\/index.php?rest_route=%2Fwp%2Fv2%2Fmedia&parent=160"}],"curies":[{"name":"wp","href":"https:\/\/api.w.org\/{rel}","templated":true}]}}